{"id":612,"date":"2018-11-14T11:01:47","date_gmt":"2018-11-14T11:01:47","guid":{"rendered":"http:\/\/droitthemes.com\/wp\/saasland\/?page_id=612"},"modified":"2025-08-09T14:30:40","modified_gmt":"2025-08-09T12:30:40","slug":"cloud","status":"publish","type":"page","link":"https:\/\/www.alphacorptech.com\/","title":{"rendered":"Home &#8211; Cloud"},"content":{"rendered":"\t\t<div data-elementor-type=\"wp-post\" data-elementor-id=\"612\" class=\"elementor elementor-612\">\n\t\t\t\t\t\t<section class=\"elementor-section elementor-top-section elementor-element elementor-element-167747b elementor-section-full_width elementor-section-height-default elementor-section-height-default\" data-id=\"167747b\" data-element_type=\"section\">\n\t\t\t\t\t\t<div class=\"elementor-container elementor-column-gap-no\">\n\t\t\t\t\t<div class=\"elementor-column elementor-col-100 elementor-top-column elementor-element elementor-element-f7f05bb\" data-id=\"f7f05bb\" data-element_type=\"column\">\n\t\t\t<div class=\"elementor-widget-wrap elementor-element-populated\">\n\t\t\t\t\t\t<div class=\"elementor-element elementor-element-2ea312d elementor-widget elementor-widget-saasland_hero\" data-id=\"2ea312d\" data-element_type=\"widget\" data-widget_type=\"saasland_hero.default\">\n\t\t\t\t<div class=\"elementor-widget-container\">\n\t\t\t\t\t<section class=\"software_banner_area d-flex align-items-center\">\n    <div class=\"container\">\n        <div class=\"row\">\n            <div class=\"col-lg-6 d-flex align-items-center\">\n                <div class=\"software_banner_content\">\n                                            <h2 class=\"typewrite_title f_500 f_size_50 w_color wow fadeInLeft\" data-wow-delay=\"0.2s\">\n                            <br \/>\n <span class=\"f_700\">L'imagination<\/span> <br\/> comme <br \/>\nseule limite                         <\/h2>\n                                                                <p class=\"w_color f_size_18 l_height30 mt_30 wow fadeInLeft\" data-wow-delay=\"0.4s\">\n                            Passionn\u00e9 par le num\u00e9rique, la cybers\u00e9curit\u00e9 et l\u2019innovation. Nous transformons vos id\u00e9es en solutions concr\u00e8tes et performantes.                        <\/p>\n                                        <div class=\"action_btn d-flex align-items-center mt_40 wow fadeInLeft\" data-wow-delay=\"0.6s\">\n                        <a href='#' class='software_banner_btn elementor-repeater-item-abf08bf'> Parlez-nous de votre projet <\/a>                                            <\/div>\n                <\/div>\n            <\/div>\n                            <div class=\"col-lg-6\">\n                    <div class=\"software_img wow fadeInRight\" data-wow-delay=\"0.2s\">\n                        <img decoding=\"async\" src=\"https:\/\/saaslandwp.net\/wp-content\/uploads\/2019\/10\/banner_img.png\" alt=\"\n &lt;span class=&quot;f_700&quot;&gt;L&#039;imagination&lt;\/span&gt; &lt;br\/&gt; comme \nseule limite \">\n                    <\/div>\n                <\/div>\n                    <\/div>\n    <\/div>\n<\/section>\n\n\t\t\t\t<\/div>\n\t\t\t\t<\/div>\n\t\t\t\t<div class=\"elementor-element elementor-element-6653d8b elementor-widget elementor-widget-menu-anchor\" data-id=\"6653d8b\" data-element_type=\"widget\" data-widget_type=\"menu-anchor.default\">\n\t\t\t\t<div class=\"elementor-widget-container\">\n\t\t\t\t\t\t\t<div class=\"elementor-menu-anchor\" id=\"services\"><\/div>\n\t\t\t\t\t\t<\/div>\n\t\t\t\t<\/div>\n\t\t\t\t\t<\/div>\n\t\t<\/div>\n\t\t\t\t\t<\/div>\n\t\t<\/section>\n\t\t\t\t<section class=\"elementor-section elementor-top-section elementor-element elementor-element-05fbe07 elementor-section-full_width elementor-section-height-default elementor-section-height-default\" data-id=\"05fbe07\" data-element_type=\"section\">\n\t\t\t\t\t\t<div class=\"elementor-container elementor-column-gap-no\">\n\t\t\t\t\t<div class=\"elementor-column elementor-col-100 elementor-top-column elementor-element elementor-element-51ef4c7\" data-id=\"51ef4c7\" data-element_type=\"column\">\n\t\t\t<div class=\"elementor-widget-wrap elementor-element-populated\">\n\t\t\t\t\t\t<div class=\"elementor-element elementor-element-f045f59 elementor-widget elementor-widget-saasland_main_features\" data-id=\"f045f59\" data-element_type=\"widget\" data-widget_type=\"saasland_main_features.default\">\n\t\t\t\t<div class=\"elementor-widget-container\">\n\t\t\t\t\t<section class=\"software_featured_area \">\n    <div class=\"container\">\n                <h1 class=\"f_600 f_size_30 t_color3 text-center l_height40 mb_70 wow fadeInUp\" data-wow-delay=\"0.3s\">\n        Des solutions technologiques sur mesure <br \/> pour votre entreprise    <\/h1>\n            <div class=\"row software_featured_info\">\n                <div class=\"col-lg-3 col-sm-6 wow fadeInUp\" data-wow-delay=\"0.3s\">\n            <div class=\"software_featured_item text-center mb_20 elementor-repeater-item-4dca6ad\">\n                <div class=\"s_icon\">\n                                            <img decoding=\"async\" src=\"https:\/\/saaslandwp.net\/wp-content\/uploads\/2019\/10\/icon_shape-1.png\" alt=\" S\u00e9curit\u00e9 informatique\">\n                                                                <img decoding=\"async\" class=\"icon\" src=\"https:\/\/www.alphacorptech.com\/wp-content\/uploads\/2025\/08\/ssi_ico.png\" alt=\" S\u00e9curit\u00e9 informatique\">\n                                    <\/div>\n                                <h5 class=\"f_600 t_color3\"> S\u00e9curit\u00e9 informatique<\/h5>\n                                        <p class=\"f_size_15 mb-30\"> Audit, cybers\u00e9curit\u00e9, protection des donn\u00e9es, sensibilisation et mise en conformit\u00e9. <\/p>\n                                <\/div>\n    <\/div>\n        <div class=\"col-lg-3 col-sm-6 wow fadeInUp\" data-wow-delay=\"0.5s\">\n            <div class=\"software_featured_item text-center mb_20 elementor-repeater-item-ca6d5a3\">\n                <div class=\"s_icon\">\n                                            <img decoding=\"async\" src=\"https:\/\/saaslandwp.net\/wp-content\/uploads\/2019\/10\/icon_shape-1.png\" alt=\"Conception de solutions innovantes\">\n                                                                <img decoding=\"async\" class=\"icon\" src=\"https:\/\/www.alphacorptech.com\/wp-content\/uploads\/2025\/08\/app_ico-1.png\" alt=\"Conception de solutions innovantes\">\n                                    <\/div>\n                                <h5 class=\"f_600 t_color3\">Conception de solutions innovantes<\/h5>\n                                        <p class=\"f_size_15 mb-30\"> Applications web &amp; mobile, syst\u00e8mes embarqu\u00e9s, solutions cloud, automatisation. <\/p>\n                                <\/div>\n    <\/div>\n        <div class=\"col-lg-3 col-sm-6 wow fadeInUp\" data-wow-delay=\"0.7s\">\n            <div class=\"software_featured_item text-center mb_20 elementor-repeater-item-7ed1b79\">\n                <div class=\"s_icon\">\n                                            <img decoding=\"async\" src=\"https:\/\/saaslandwp.net\/wp-content\/uploads\/2019\/10\/icon_shape-1.png\" alt=\"D\u00e9ploiement d&#039;infrastructures num\u00e9riques\">\n                                                                <img decoding=\"async\" class=\"icon\" src=\"https:\/\/www.alphacorptech.com\/wp-content\/uploads\/2025\/08\/it_infra_ico.png\" alt=\"D\u00e9ploiement d&#039;infrastructures num\u00e9riques\">\n                                    <\/div>\n                                <h5 class=\"f_600 t_color3\">D\u00e9ploiement d&#039;infrastructures num\u00e9riques<\/h5>\n                                        <p class=\"f_size_15 mb-30\"> Int\u00e9gration de solutions, virtualisation, architecture r\u00e9seau, maintenance. <\/p>\n                                <\/div>\n    <\/div>\n        <div class=\"col-lg-3 col-sm-6 wow fadeInUp\" data-wow-delay=\"0.9s\">\n            <div class=\"software_featured_item text-center mb_20 elementor-repeater-item-a8bb74a\">\n                <div class=\"s_icon\">\n                                            <img decoding=\"async\" src=\"https:\/\/saaslandwp.net\/wp-content\/uploads\/2019\/10\/icon_shape-1.png\" alt=\"Conseil &amp; accompagnement\">\n                                                                <img decoding=\"async\" class=\"icon\" src=\"https:\/\/www.alphacorptech.com\/wp-content\/uploads\/2025\/08\/pmsi_ico.png\" alt=\"Conseil &amp; accompagnement\">\n                                    <\/div>\n                                <h5 class=\"f_600 t_color3\">Conseil &amp; accompagnement<\/h5>\n                                        <p class=\"f_size_15 mb-30\"> Gestion de projet digital, transformation num\u00e9rique, formation des \u00e9quipes. <\/p>\n                                <\/div>\n    <\/div>\n    <\/div>\n    <\/div>\n<\/section>\t\t\t\t<\/div>\n\t\t\t\t<\/div>\n\t\t\t\t<div class=\"elementor-element elementor-element-fd9b0b1 elementor-widget elementor-widget-menu-anchor\" data-id=\"fd9b0b1\" data-element_type=\"widget\" data-widget_type=\"menu-anchor.default\">\n\t\t\t\t<div class=\"elementor-widget-container\">\n\t\t\t\t\t\t\t<div class=\"elementor-menu-anchor\" id=\"apropos\"><\/div>\n\t\t\t\t\t\t<\/div>\n\t\t\t\t<\/div>\n\t\t\t\t\t<\/div>\n\t\t<\/div>\n\t\t\t\t\t<\/div>\n\t\t<\/section>\n\t\t\t\t<section class=\"elementor-section elementor-top-section elementor-element elementor-element-918a027 elementor-section-boxed elementor-section-height-default elementor-section-height-default\" data-id=\"918a027\" data-element_type=\"section\" data-settings=\"{&quot;background_background&quot;:&quot;classic&quot;}\">\n\t\t\t\t\t\t<div class=\"elementor-container elementor-column-gap-no\">\n\t\t\t\t\t<div class=\"elementor-column elementor-col-50 elementor-top-column elementor-element elementor-element-1185a2e\" data-id=\"1185a2e\" data-element_type=\"column\">\n\t\t\t<div class=\"elementor-widget-wrap elementor-element-populated\">\n\t\t\t\t\t\t<div class=\"elementor-element elementor-element-ab443c2 elementor-widget elementor-widget-heading\" data-id=\"ab443c2\" data-element_type=\"widget\" data-widget_type=\"heading.default\">\n\t\t\t\t<div class=\"elementor-widget-container\">\n\t\t\t\t\t<h2 class=\"elementor-heading-title elementor-size-default\">Qui sommes-nous ?<\/h2>\t\t\t\t<\/div>\n\t\t\t\t<\/div>\n\t\t\t\t<div class=\"elementor-element elementor-element-b3ab063 elementor-widget elementor-widget-text-editor\" data-id=\"b3ab063\" data-element_type=\"widget\" data-widget_type=\"text-editor.default\">\n\t\t\t\t<div class=\"elementor-widget-container\">\n\t\t\t\t\t\t\t\t\t<p><strong>ALPHACORPTECH <\/strong>c\u2019est une \u00e9quipe dynamique et passionn\u00e9e du num\u00e9rique, la s\u00e9curit\u00e9 informatique et aussi bien par la conception de solutions innovantes et leurs d\u00e9ploiements. Nous sommes pr\u00eats \u00e0 vous accompagner pour donner vie \u00e0 votre imagination\u00a0; \u00e0 vos projets que nous faisons notre. Avec nous, seul l\u2019imagination est la limite.<\/p>\t\t\t\t\t\t\t\t<\/div>\n\t\t\t\t<\/div>\n\t\t\t\t<div class=\"elementor-element elementor-element-786fb90 elementor-widget elementor-widget-button\" data-id=\"786fb90\" data-element_type=\"widget\" data-widget_type=\"button.default\">\n\t\t\t\t<div class=\"elementor-widget-container\">\n\t\t\t\t\t\t\t\t\t<div class=\"elementor-button-wrapper\">\n\t\t\t\t\t<a class=\"elementor-button elementor-button-link elementor-size-sm\" href=\"#\">\n\t\t\t\t\t\t<span class=\"elementor-button-content-wrapper\">\n\t\t\t\t\t\t\t\t\t<span class=\"elementor-button-text\">Contactez-Nous<\/span>\n\t\t\t\t\t<\/span>\n\t\t\t\t\t<\/a>\n\t\t\t\t<\/div>\n\t\t\t\t\t\t\t\t<\/div>\n\t\t\t\t<\/div>\n\t\t\t\t\t<\/div>\n\t\t<\/div>\n\t\t\t\t<div class=\"elementor-column elementor-col-50 elementor-top-column elementor-element elementor-element-ee1ec9a\" data-id=\"ee1ec9a\" data-element_type=\"column\">\n\t\t\t<div class=\"elementor-widget-wrap elementor-element-populated\">\n\t\t\t\t\t\t<div class=\"elementor-element elementor-element-d9baa38 elementor-widget elementor-widget-image\" data-id=\"d9baa38\" data-element_type=\"widget\" data-widget_type=\"image.default\">\n\t\t\t\t<div class=\"elementor-widget-container\">\n\t\t\t\t\t\t\t\t\t\t\t\t\t\t\t<img fetchpriority=\"high\" decoding=\"async\" width=\"650\" height=\"356\" src=\"https:\/\/www.alphacorptech.com\/wp-content\/uploads\/2022\/08\/work3-1-1.png\" class=\"attachment-large size-large wp-image-13553\" alt=\"\" \/>\t\t\t\t\t\t\t\t\t\t\t\t\t\t\t<\/div>\n\t\t\t\t<\/div>\n\t\t\t\t<div class=\"elementor-element elementor-element-23c2449 elementor-widget elementor-widget-menu-anchor\" data-id=\"23c2449\" data-element_type=\"widget\" data-widget_type=\"menu-anchor.default\">\n\t\t\t\t<div class=\"elementor-widget-container\">\n\t\t\t\t\t\t\t<div class=\"elementor-menu-anchor\" id=\"contact\"><\/div>\n\t\t\t\t\t\t<\/div>\n\t\t\t\t<\/div>\n\t\t\t\t\t<\/div>\n\t\t<\/div>\n\t\t\t\t\t<\/div>\n\t\t<\/section>\n\t\t\t\t<section class=\"elementor-section elementor-top-section elementor-element elementor-element-45c1f46 elementor-section-boxed elementor-section-height-default elementor-section-height-default\" data-id=\"45c1f46\" data-element_type=\"section\">\n\t\t\t\t\t\t<div class=\"elementor-container elementor-column-gap-no\">\n\t\t\t\t\t<div class=\"elementor-column elementor-col-50 elementor-top-column elementor-element elementor-element-4348019\" data-id=\"4348019\" data-element_type=\"column\">\n\t\t\t<div class=\"elementor-widget-wrap elementor-element-populated\">\n\t\t\t\t\t\t<div class=\"elementor-element elementor-element-6b98a8d elementor-widget elementor-widget-heading\" data-id=\"6b98a8d\" data-element_type=\"widget\" data-widget_type=\"heading.default\">\n\t\t\t\t<div class=\"elementor-widget-container\">\n\t\t\t\t\t<h1 class=\"elementor-heading-title elementor-size-default\">Prenez un rendez-vous Maintenant <\/h1>\t\t\t\t<\/div>\n\t\t\t\t<\/div>\n\t\t\t\t<div class=\"elementor-element elementor-element-99b4d36 elementor-widget elementor-widget-text-editor\" data-id=\"99b4d36\" data-element_type=\"widget\" data-widget_type=\"text-editor.default\">\n\t\t\t\t<div class=\"elementor-widget-container\">\n\t\t\t\t\t\t\t\t\t<p><strong>Email<\/strong><br>conatct@alphacorptech.com<\/p>\n<p><strong>Contact<\/strong><br>+229 01 43 29 44 44 &#8211; +229&nbsp;01 97 01 55 12<\/p>\n<p><strong>Si\u00e8ge<\/strong><br>Abomey-Calavi ZOPAH<\/p>\t\t\t\t\t\t\t\t<\/div>\n\t\t\t\t<\/div>\n\t\t\t\t\t<\/div>\n\t\t<\/div>\n\t\t\t\t<div class=\"elementor-column elementor-col-50 elementor-top-column elementor-element elementor-element-ffa4b3c\" data-id=\"ffa4b3c\" data-element_type=\"column\">\n\t\t\t<div class=\"elementor-widget-wrap elementor-element-populated\">\n\t\t\t\t\t\t<div class=\"elementor-element elementor-element-1ca54e8 elementor-widget elementor-widget-shortcode\" data-id=\"1ca54e8\" data-element_type=\"widget\" data-widget_type=\"shortcode.default\">\n\t\t\t\t<div class=\"elementor-widget-container\">\n\t\t\t\t\t\t\t<div class=\"elementor-shortcode\">\n<div class=\"wpcf7 no-js\" id=\"wpcf7-f13900-o1\" lang=\"en-US\" dir=\"ltr\" data-wpcf7-id=\"13900\">\n<div class=\"screen-reader-response\"><p role=\"status\" aria-live=\"polite\" aria-atomic=\"true\"><\/p> <ul><\/ul><\/div>\n<form action=\"\/index.php\/wp-json\/wp\/v2\/pages\/612#wpcf7-f13900-o1\" method=\"post\" class=\"wpcf7-form init\" aria-label=\"Contact form\" novalidate=\"novalidate\" data-status=\"init\">\n<div style=\"display: none;\">\n<input type=\"hidden\" name=\"_wpcf7\" value=\"13900\" \/>\n<input type=\"hidden\" name=\"_wpcf7_version\" value=\"6.0.6\" \/>\n<input type=\"hidden\" name=\"_wpcf7_locale\" value=\"en_US\" \/>\n<input type=\"hidden\" name=\"_wpcf7_unit_tag\" value=\"wpcf7-f13900-o1\" \/>\n<input type=\"hidden\" name=\"_wpcf7_container_post\" value=\"0\" \/>\n<input type=\"hidden\" name=\"_wpcf7_posted_data_hash\" value=\"\" \/>\n<\/div>\n<div class=\"row\">\n\t<div class=\"col-lg-6\">\n\t\t<div class=\"form-group text_box\">\n\t\t\t<p><span class=\"wpcf7-form-control-wrap\" data-name=\"text-298\"><input size=\"40\" maxlength=\"400\" class=\"wpcf7-form-control wpcf7-text\" aria-invalid=\"false\" placeholder=\"Nom et Pr\u00e9noms\" value=\"\" type=\"text\" name=\"text-298\" \/><\/span>\n\t\t\t<\/p>\n\t\t<\/div>\n\t<\/div>\n\t<div class=\"col-lg-6\">\n\t\t<div class=\"form-group text_box\">\n\t\t\t<p><span class=\"wpcf7-form-control-wrap\" data-name=\"email-68\"><input size=\"40\" maxlength=\"400\" class=\"wpcf7-form-control wpcf7-email wpcf7-text wpcf7-validates-as-email\" aria-invalid=\"false\" placeholder=\"Email\" value=\"\" type=\"email\" name=\"email-68\" \/><\/span>\n\t\t\t<\/p>\n\t\t<\/div>\n\t<\/div>\n\t<div class=\"col-lg-12\">\n\t\t<div class=\"form-group text_box\">\n\t\t\t<p><span class=\"wpcf7-form-control-wrap\" data-name=\"textarea-761\"><textarea cols=\"40\" rows=\"10\" maxlength=\"2000\" class=\"wpcf7-form-control wpcf7-textarea\" aria-invalid=\"false\" placeholder=\"Enter Votre Message . . .\" name=\"textarea-761\"><\/textarea><\/span>\n\t\t\t<\/p>\n\t\t<\/div>\n\t<\/div>\n<\/div>\n<p><input class=\"wpcf7-form-control wpcf7-submit has-spinner\" type=\"submit\" value=\"Envoyer\" \/>\n<\/p><div class=\"wpcf7-response-output\" aria-hidden=\"true\"><\/div>\n<\/form>\n<\/div>\n<\/div>\n\t\t\t\t\t\t<\/div>\n\t\t\t\t<\/div>\n\t\t\t\t\t<\/div>\n\t\t<\/div>\n\t\t\t\t\t<\/div>\n\t\t<\/section>\n\t\t\t\t<\/div>\n\t\t","protected":false},"excerpt":{"rendered":"<p>L&#8217;imagination comme seule limite Passionn\u00e9 par le num\u00e9rique, la cybers\u00e9curit\u00e9 et l\u2019innovation. Nous transformons vos id\u00e9es en solutions concr\u00e8tes et performantes. Parlez-nous de votre projet Des solutions technologiques sur mesure pour votre entreprise S\u00e9curit\u00e9 informatique Audit, cybers\u00e9curit\u00e9, protection des donn\u00e9es, sensibilisation et mise en conformit\u00e9. Conception de solutions innovantes Applications web &amp; mobile, syst\u00e8mes embarqu\u00e9s, [&hellip;]<\/p>\n","protected":false},"author":1,"featured_media":7904,"parent":0,"menu_order":0,"comment_status":"closed","ping_status":"closed","template":"elementor_header_footer","meta":{"content-type":"","footnotes":""},"class_list":["post-612","page","type-page","status-publish","has-post-thumbnail","hentry"],"acf":[],"_links":{"self":[{"href":"https:\/\/www.alphacorptech.com\/index.php\/wp-json\/wp\/v2\/pages\/612","targetHints":{"allow":["GET"]}}],"collection":[{"href":"https:\/\/www.alphacorptech.com\/index.php\/wp-json\/wp\/v2\/pages"}],"about":[{"href":"https:\/\/www.alphacorptech.com\/index.php\/wp-json\/wp\/v2\/types\/page"}],"author":[{"embeddable":true,"href":"https:\/\/www.alphacorptech.com\/index.php\/wp-json\/wp\/v2\/users\/1"}],"replies":[{"embeddable":true,"href":"https:\/\/www.alphacorptech.com\/index.php\/wp-json\/wp\/v2\/comments?post=612"}],"version-history":[{"count":73,"href":"https:\/\/www.alphacorptech.com\/index.php\/wp-json\/wp\/v2\/pages\/612\/revisions"}],"predecessor-version":[{"id":14640,"href":"https:\/\/www.alphacorptech.com\/index.php\/wp-json\/wp\/v2\/pages\/612\/revisions\/14640"}],"wp:featuredmedia":[{"embeddable":true,"href":"https:\/\/www.alphacorptech.com\/index.php\/wp-json\/wp\/v2\/media\/7904"}],"wp:attachment":[{"href":"https:\/\/www.alphacorptech.com\/index.php\/wp-json\/wp\/v2\/media?parent=612"}],"curies":[{"name":"wp","href":"https:\/\/api.w.org\/{rel}","templated":true}]}}